{"id":5311,"date":"2023-04-27T08:33:07","date_gmt":"2023-04-27T08:33:07","guid":{"rendered":"https:\/\/space-control.eu\/?page_id=5311"},"modified":"2023-04-27T08:35:44","modified_gmt":"2023-04-27T08:35:44","slug":"presentation","status":"publish","type":"page","link":"https:\/\/space-control.eu\/?page_id=5311","title":{"rendered":"Pr\u00e9sentation"},"content":{"rendered":"<p>Bonjour,<\/p>\n<p>Je pratique la magie depuis l&rsquo;\u00e2ge de 12 ans, gr\u00e2ce \u00e0 cousin \u00e9loign\u00e9 qui m&rsquo;a pr\u00e9sent\u00e9 une guillotine \u00e0 doigt.<br \/>\nEn tant que moniteur et directeur de colonie de vacances et de patronage, j&rsquo;ai pratiqu\u00e9 aupr\u00e8s des enfants, des spectacles ainsi que des cours collectif ou particulier.<br \/>\nDepuis je n&rsquo;ai cess\u00e9 de faire de la magie, notamment pendant mon arm\u00e9e \u00e0 la base a\u00e9ronavale de Hy\u00e8re (72\/73) o\u00f9 j&rsquo;ai fait partie d&rsquo;une troupe de spectacle et avec lesquels j&rsquo;\u00e9tais l&rsquo;attraction principale en Hypnotiseur et Fakir.<br \/>\nJ&rsquo;ai arr\u00eat\u00e9 les spectacles, en entrant dans la vie active, mais j&rsquo;ai continu\u00e9 en amateur, en suivant des cours avec mon ma\u00eetre magicien <strong>Edernac<\/strong> au sein de l&rsquo;\u00e9cole du cirque d&rsquo;<strong>Annie<\/strong> <strong>Fratellini<\/strong>.<br \/>\nDepuis j&rsquo;ai travaill\u00e9 tous les domaines, mais surtout en me sp\u00e9cialisant vers les spectacles pour enfants.<br \/>\nMembre de l&rsquo;association \u00ab\u00a0<strong>78tours<\/strong>\u00a0\u00bb sur la r\u00e9gion parisienne, en arrivant sur Nantes j&rsquo;ai cr\u00e9\u00e9 l&rsquo;association <strong>AnimA<\/strong> (Amicale Nantaise des Illusionnistes et des Magiciens Amateurs).<br \/>\nMaintenant \u00e0 la retraite, je suis r\u00e9guli\u00e8rement en prestation pour des Anniversaires, du close-up en table \u00e0 table, et des Spectacles.<\/p>\n<div class=\"video-container\"><iframe loading=\"lazy\" title=\"Claude MAGE\" width=\"500\" height=\"281\" src=\"https:\/\/www.youtube.com\/embed\/vM4oslg-Z1Y?feature=oembed&#038;wmode=opaque\" frameborder=\"0\" allow=\"accelerometer; autoplay; clipboard-write; encrypted-media; gyroscope; picture-in-picture; web-share\" referrerpolicy=\"strict-origin-when-cross-origin\" allowfullscreen><\/iframe><\/div>\n","protected":false},"excerpt":{"rendered":"<p>Bonjour, Je pratique la magie depuis l&rsquo;\u00e2ge de 12 ans, gr\u00e2ce \u00e0 cousin \u00e9loign\u00e9 qui m&rsquo;a pr\u00e9sent\u00e9 une guillotine \u00e0 doigt. En tant que moniteur et directeur de colonie de vacances et de patronage,&#46;&#46;&#46;<\/p>\n","protected":false},"author":1,"featured_media":0,"parent":0,"menu_order":0,"comment_status":"closed","ping_status":"closed","template":"","meta":{"footnotes":""},"class_list":["post-5311","page","type-page","status-publish","hentry"],"_links":{"self":[{"href":"https:\/\/space-control.eu\/index.php?rest_route=\/wp\/v2\/pages\/5311","targetHints":{"allow":["GET"]}}],"collection":[{"href":"https:\/\/space-control.eu\/index.php?rest_route=\/wp\/v2\/pages"}],"about":[{"href":"https:\/\/space-control.eu\/index.php?rest_route=\/wp\/v2\/types\/page"}],"author":[{"embeddable":true,"href":"https:\/\/space-control.eu\/index.php?rest_route=\/wp\/v2\/users\/1"}],"replies":[{"embeddable":true,"href":"https:\/\/space-control.eu\/index.php?rest_route=%2Fwp%2Fv2%2Fcomments&post=5311"}],"version-history":[{"count":3,"href":"https:\/\/space-control.eu\/index.php?rest_route=\/wp\/v2\/pages\/5311\/revisions"}],"predecessor-version":[{"id":5314,"href":"https:\/\/space-control.eu\/index.php?rest_route=\/wp\/v2\/pages\/5311\/revisions\/5314"}],"wp:attachment":[{"href":"https:\/\/space-control.eu\/index.php?rest_route=%2Fwp%2Fv2%2Fmedia&parent=5311"}],"curies":[{"name":"wp","href":"https:\/\/api.w.org\/{rel}","templated":true}]}}